{"id":3181,"date":"2025-02-05T14:04:00","date_gmt":"2025-02-05T19:04:00","guid":{"rendered":"https:\/\/valsaintcome.wpenginepowered.com\/conditions-detaillees\/"},"modified":"2026-01-26T09:40:17","modified_gmt":"2026-01-26T14:40:17","slug":"detailed-conditions","status":"publish","type":"page","link":"https:\/\/www.valsaintcome.com\/en\/detailed-conditions\/","title":{"rendered":"Detailed Conditions"},"content":{"rendered":"\t\t<div data-elementor-type=\"wp-page\" data-elementor-id=\"3181\" class=\"elementor elementor-3181 elementor-1778\">\n\t\t\t\t<div class=\"elementor-element elementor-element-584f587f header_banner elementor-hidden-widescreen elementor-hidden-desktop elementor-hidden-laptop elementor-hidden-tablet elementor-hidden-mobile e-flex e-con-boxed e-con e-parent\" data-id=\"584f587f\" data-element_type=\"container\" data-settings=\"{&quot;background_background&quot;:&quot;classic&quot;}\">\n\t\t\t\t\t<div class=\"e-con-inner\">\n\t\t<div class=\"elementor-element elementor-element-eee6b5d e-flex e-con-boxed e-con e-child\" data-id=\"eee6b5d\" data-element_type=\"container\">\n\t\t\t\t\t<div class=\"e-con-inner\">\n\t\t\t\t<div class=\"elementor-element elementor-element-677226d2 animated-slow elementor-widget-laptop__width-initial elementor-invisible elementor-widget elementor-widget-heading\" data-id=\"677226d2\" data-element_type=\"widget\" data-settings=\"{&quot;_animation&quot;:&quot;fadeIn&quot;}\" data-widget_type=\"heading.default\">\n\t\t\t\t\t<h1 class=\"elementor-heading-title elementor-size-default\">Horaire d\u00e9taill\u00e9<\/h1>\t\t\t\t<\/div>\n\t\t\t\t\t<\/div>\n\t\t\t\t<\/div>\n\t\t\t\t\t<\/div>\n\t\t\t\t<\/div>\n\t\t<div class=\"elementor-element elementor-element-ef48e78 e-flex e-con-boxed e-con e-parent\" data-id=\"ef48e78\" data-element_type=\"container\">\n\t\t\t\t\t<div class=\"e-con-inner\">\n\t\t\t\t<div class=\"elementor-element elementor-element-8a63433 animated-slow elementor-invisible elementor-widget elementor-widget-heading\" data-id=\"8a63433\" data-element_type=\"widget\" data-settings=\"{&quot;_animation&quot;:&quot;fadeIn&quot;}\" data-widget_type=\"heading.default\">\n\t\t\t\t\t<h2 class=\"elementor-heading-title elementor-size-default\">Today, Wednesday 8 April<\/h2>\t\t\t\t<\/div>\n\t\t\t\t<div class=\"elementor-element elementor-element-e8df73c elementor-widget__width-initial white_txt elementor-widget elementor-widget-shortcode\" data-id=\"e8df73c\" data-element_type=\"widget\" data-widget_type=\"shortcode.default\">\n\t\t\t\t\t\t\t<div class=\"elementor-shortcode\">      <div id=\"conditions-detailles\" data-ajax=\"https:\/\/www.valsaintcome.com\/wp-admin\/admin-ajax.php\">\n        <div class=\"loading\">Chargement\u2026<\/div>\n      <\/div>\n      <script>\n        (function(){\n          const el = document.getElementById('conditions-detailles');\n          if(!el) return;\n          const url = el.getAttribute('data-ajax') + '?action=conditions_detailles';\n          fetch(url, { credentials: 'same-origin' })\n            .then(r => r.text())\n            .then(html => { el.innerHTML = html; })\n            .catch(() => { el.innerHTML = \"Impossible de charger les conditions.\"; });\n        })();\n      <\/script>\n    <\/div>\n\t\t\t\t\t\t<\/div>\n\t\t\t\t<div class=\"elementor-element elementor-element-47671a8 elementor-align-center animated-slow elementor-invisible elementor-widget elementor-widget-button\" data-id=\"47671a8\" data-element_type=\"widget\" data-settings=\"{&quot;_animation&quot;:&quot;fadeIn&quot;}\" data-widget_type=\"button.default\">\n\t\t\t\t\t\t\t\t\t\t<a class=\"elementor-button elementor-button-link elementor-size-sm elementor-animation-shrink\" href=\"https:\/\/www.valsaintcome.com\/horaire-detailles\/\">\n\t\t\t\t\t\t<span class=\"elementor-button-content-wrapper\">\n\t\t\t\t\t\t<span class=\"elementor-button-icon\">\n\t\t\t\t<svg xmlns=\"http:\/\/www.w3.org\/2000\/svg\" width=\"24\" height=\"24\" viewBox=\"0 0 24 24\" fill=\"none\"><g clip-path=\"url(#clip0_4115_662)\"><path d=\"M13.172 12L8.22205 7.04999L9.63605 5.63599L16 12L9.63605 18.364L8.22205 16.95L13.172 12Z\" fill=\"#2193AB\"><\/path><\/g><defs><clipPath id=\"clip0_4115_662\"><rect width=\"24\" height=\"24\" fill=\"white\"><\/rect><\/clipPath><\/defs><\/svg>\t\t\t<\/span>\n\t\t\t\t\t\t\t\t\t<span class=\"elementor-button-text\">Horaire d\u00e9taill\u00e9<\/span>\n\t\t\t\t\t<\/span>\n\t\t\t\t\t<\/a>\n\t\t\t\t\t\t\t\t<\/div>\n\t\t\t\t\t<\/div>\n\t\t\t\t<\/div>\n\t\t<div class=\"elementor-element elementor-element-4827533c e-flex e-con-boxed e-con e-parent\" data-id=\"4827533c\" data-element_type=\"container\">\n\t\t\t\t\t<div class=\"e-con-inner\">\n\t\t<div class=\"elementor-element elementor-element-68374bfb e-con-full e-flex e-con e-child\" data-id=\"68374bfb\" data-element_type=\"container\" data-settings=\"{&quot;background_background&quot;:&quot;classic&quot;}\">\n\t\t<div class=\"elementor-element elementor-element-72c7e42b e-con-full e-flex e-con e-child\" data-id=\"72c7e42b\" data-element_type=\"container\">\n\t\t\t\t<div class=\"elementor-element elementor-element-9e3c987 elementor-absolute elementor-widget elementor-widget-image\" data-id=\"9e3c987\" data-element_type=\"widget\" data-settings=\"{&quot;_position&quot;:&quot;absolute&quot;}\" data-widget_type=\"image.default\">\n\t\t\t\t\t\t\t\t\t\t\t\t\t\t\t<img fetchpriority=\"high\" decoding=\"async\" width=\"427\" height=\"384\" src=\"https:\/\/www.valsaintcome.com\/wp-content\/uploads\/2024\/11\/Group-231-1.png\" class=\"attachment-full size-full wp-image-2541\" alt=\"\" srcset=\"https:\/\/www.valsaintcome.com\/wp-content\/uploads\/2024\/11\/Group-231-1.png 427w, https:\/\/www.valsaintcome.com\/wp-content\/uploads\/2024\/11\/Group-231-1-300x270.png 300w\" sizes=\"(max-width: 427px) 100vw, 427px\" \/>\t\t\t\t\t\t\t\t\t\t\t\t\t\t\t<\/div>\n\t\t\t\t<\/div>\n\t\t<div class=\"elementor-element elementor-element-32fd8537 e-con-full e-flex e-con e-child\" data-id=\"32fd8537\" data-element_type=\"container\">\n\t\t\t\t<div class=\"elementor-element elementor-element-6205ac2e animated-slow white_txt elementor-invisible elementor-widget elementor-widget-heading\" data-id=\"6205ac2e\" data-element_type=\"widget\" data-settings=\"{&quot;_animation&quot;:&quot;fadeIn&quot;}\" data-widget_type=\"heading.default\">\n\t\t\t\t\t<h2 class=\"elementor-heading-title elementor-size-default\">Envie de faire du ski? venez faire un tour<\/h2>\t\t\t\t<\/div>\n\t\t\t\t<div class=\"elementor-element elementor-element-493945b0 elementor-align-right animated-slow elementor-mobile-align-center white_txt elementor-invisible elementor-widget elementor-widget-button\" data-id=\"493945b0\" data-element_type=\"widget\" data-settings=\"{&quot;_animation&quot;:&quot;fadeIn&quot;}\" data-widget_type=\"button.default\">\n\t\t\t\t\t\t\t\t\t\t<a class=\"elementor-button elementor-button-link elementor-size-sm elementor-animation-shrink\" href=\"https:\/\/www.google.com\/maps\/place\/Val+Saint-Come\/@46.2724489,-73.887277,4351m\/data=!3m1!1e3!4m10!1m2!2m1!1sval+saint+come!3m6!1s0x4ccf57b03900551b:0xee69612012bdd9!8m2!3d46.2716139!4d-73.8714931!15sCg52YWwgc2FpbnQgY29tZVoQIg52YWwgc2FpbnQgY29tZZIBCnNraV9yZXNvcnTgAQA!16s%2Fg%2F11b6phkk7f?entry=ttu&#038;g_ep=EgoyMDI0MTEyNC4xIKXMDSoASAFQAw%3D%3D\" target=\"_blank\">\n\t\t\t\t\t\t<span class=\"elementor-button-content-wrapper\">\n\t\t\t\t\t\t<span class=\"elementor-button-icon\">\n\t\t\t\t<svg xmlns=\"http:\/\/www.w3.org\/2000\/svg\" width=\"24\" height=\"24\" viewBox=\"0 0 24 24\" fill=\"none\"><g clip-path=\"url(#clip0_4388_2251)\"><path d=\"M13.1717 12L8.22168 7.04999L9.63568 5.63599L15.9997 12L9.63568 18.364L8.22168 16.95L13.1717 12Z\" fill=\"white\"><\/path><\/g><defs><clipPath id=\"clip0_4388_2251\"><rect width=\"24\" height=\"24\" fill=\"white\"><\/rect><\/clipPath><\/defs><\/svg>\t\t\t<\/span>\n\t\t\t\t\t\t\t\t\t<span class=\"elementor-button-text\">VOIR L\u2019ITIN\u00c9RAIRE<\/span>\n\t\t\t\t\t<\/span>\n\t\t\t\t\t<\/a>\n\t\t\t\t\t\t\t\t<\/div>\n\t\t\t\t<\/div>\n\t\t\t\t<\/div>\n\t\t\t\t\t<\/div>\n\t\t\t\t<\/div>\n\t\t\t\t<\/div>\n\t\t","protected":false},"excerpt":{"rendered":"<p>Horaire d\u00e9taill\u00e9 Horaire d\u00e9taill\u00e9 Envie de faire du ski? venez faire un tour VOIR L\u2019ITIN\u00c9RAIRE<\/p>\n","protected":false},"author":2,"featured_media":0,"parent":0,"menu_order":0,"comment_status":"closed","ping_status":"closed","template":"","meta":{"footnotes":""},"class_list":["post-3181","page","type-page","status-publish","hentry"],"yoast_head":"<!-- This site is optimized with the Yoast SEO plugin v26.6 - https:\/\/yoast.com\/wordpress\/plugins\/seo\/ -->\n<title>Detailed Conditions - Val Saint-C\u00f4me<\/title>\n<meta name=\"robots\" content=\"index, follow, max-snippet:-1, max-image-preview:large, max-video-preview:-1\" \/>\n<link rel=\"canonical\" href=\"https:\/\/www.valsaintcome.com\/conditions-detaillees\/\" \/>\n<meta property=\"og:locale\" content=\"en_US\" \/>\n<meta property=\"og:type\" content=\"article\" \/>\n<meta property=\"og:title\" content=\"Detailed Conditions - Val Saint-C\u00f4me\" \/>\n<meta property=\"og:description\" content=\"Horaire d\u00e9taill\u00e9 Horaire d\u00e9taill\u00e9 Envie de faire du ski? venez faire un tour VOIR L\u2019ITIN\u00c9RAIRE\" \/>\n<meta property=\"og:url\" content=\"https:\/\/www.valsaintcome.com\/conditions-detaillees\/\" \/>\n<meta property=\"og:site_name\" content=\"Val Saint-C\u00f4me\" \/>\n<meta property=\"article:modified_time\" content=\"2026-01-26T14:40:17+00:00\" \/>\n<meta property=\"og:image\" content=\"https:\/\/www.valsaintcome.com\/wp-content\/uploads\/2024\/11\/Group-231-1.png\" \/>\n<meta name=\"twitter:label1\" content=\"Est. reading time\" \/>\n\t<meta name=\"twitter:data1\" content=\"1 minute\" \/>\n<script type=\"application\/ld+json\" class=\"yoast-schema-graph\">{\"@context\":\"https:\/\/schema.org\",\"@graph\":[{\"@type\":\"WebPage\",\"@id\":\"https:\/\/www.valsaintcome.com\/conditions-detaillees\/\",\"url\":\"https:\/\/www.valsaintcome.com\/conditions-detaillees\/\",\"name\":\"Detailed Conditions - Val Saint-C\u00f4me\",\"isPartOf\":{\"@id\":\"https:\/\/www.valsaintcome.com\/#website\"},\"primaryImageOfPage\":{\"@id\":\"https:\/\/www.valsaintcome.com\/conditions-detaillees\/#primaryimage\"},\"image\":{\"@id\":\"https:\/\/www.valsaintcome.com\/conditions-detaillees\/#primaryimage\"},\"thumbnailUrl\":\"https:\/\/www.valsaintcome.com\/wp-content\/uploads\/2024\/11\/Group-231-1.png\",\"datePublished\":\"2025-02-05T19:04:00+00:00\",\"dateModified\":\"2026-01-26T14:40:17+00:00\",\"breadcrumb\":{\"@id\":\"https:\/\/www.valsaintcome.com\/conditions-detaillees\/#breadcrumb\"},\"inLanguage\":\"en-US\",\"potentialAction\":[{\"@type\":\"ReadAction\",\"target\":[\"https:\/\/www.valsaintcome.com\/conditions-detaillees\/\"]}]},{\"@type\":\"ImageObject\",\"inLanguage\":\"en-US\",\"@id\":\"https:\/\/www.valsaintcome.com\/conditions-detaillees\/#primaryimage\",\"url\":\"https:\/\/www.valsaintcome.com\/wp-content\/uploads\/2024\/11\/Group-231-1.png\",\"contentUrl\":\"https:\/\/www.valsaintcome.com\/wp-content\/uploads\/2024\/11\/Group-231-1.png\"},{\"@type\":\"BreadcrumbList\",\"@id\":\"https:\/\/www.valsaintcome.com\/conditions-detaillees\/#breadcrumb\",\"itemListElement\":[{\"@type\":\"ListItem\",\"position\":1,\"name\":\"Accueil\",\"item\":\"https:\/\/www.valsaintcome.com\/en\/\"},{\"@type\":\"ListItem\",\"position\":2,\"name\":\"Detailed Conditions\"}]},{\"@type\":\"WebSite\",\"@id\":\"https:\/\/www.valsaintcome.com\/#website\",\"url\":\"https:\/\/www.valsaintcome.com\/\",\"name\":\"Val Saint-C\u00f4me\",\"description\":\"La vie en Montagne\",\"potentialAction\":[{\"@type\":\"SearchAction\",\"target\":{\"@type\":\"EntryPoint\",\"urlTemplate\":\"https:\/\/www.valsaintcome.com\/?s={search_term_string}\"},\"query-input\":{\"@type\":\"PropertyValueSpecification\",\"valueRequired\":true,\"valueName\":\"search_term_string\"}}],\"inLanguage\":\"en-US\"}]}<\/script>\n<!-- \/ Yoast SEO plugin. -->","yoast_head_json":{"title":"Detailed Conditions - Val Saint-C\u00f4me","robots":{"index":"index","follow":"follow","max-snippet":"max-snippet:-1","max-image-preview":"max-image-preview:large","max-video-preview":"max-video-preview:-1"},"canonical":"https:\/\/www.valsaintcome.com\/conditions-detaillees\/","og_locale":"en_US","og_type":"article","og_title":"Detailed Conditions - Val Saint-C\u00f4me","og_description":"Horaire d\u00e9taill\u00e9 Horaire d\u00e9taill\u00e9 Envie de faire du ski? venez faire un tour VOIR L\u2019ITIN\u00c9RAIRE","og_url":"https:\/\/www.valsaintcome.com\/conditions-detaillees\/","og_site_name":"Val Saint-C\u00f4me","article_modified_time":"2026-01-26T14:40:17+00:00","og_image":[{"url":"https:\/\/www.valsaintcome.com\/wp-content\/uploads\/2024\/11\/Group-231-1.png","type":"","width":"","height":""}],"twitter_misc":{"Est. reading time":"1 minute"},"schema":{"@context":"https:\/\/schema.org","@graph":[{"@type":"WebPage","@id":"https:\/\/www.valsaintcome.com\/conditions-detaillees\/","url":"https:\/\/www.valsaintcome.com\/conditions-detaillees\/","name":"Detailed Conditions - Val Saint-C\u00f4me","isPartOf":{"@id":"https:\/\/www.valsaintcome.com\/#website"},"primaryImageOfPage":{"@id":"https:\/\/www.valsaintcome.com\/conditions-detaillees\/#primaryimage"},"image":{"@id":"https:\/\/www.valsaintcome.com\/conditions-detaillees\/#primaryimage"},"thumbnailUrl":"https:\/\/www.valsaintcome.com\/wp-content\/uploads\/2024\/11\/Group-231-1.png","datePublished":"2025-02-05T19:04:00+00:00","dateModified":"2026-01-26T14:40:17+00:00","breadcrumb":{"@id":"https:\/\/www.valsaintcome.com\/conditions-detaillees\/#breadcrumb"},"inLanguage":"en-US","potentialAction":[{"@type":"ReadAction","target":["https:\/\/www.valsaintcome.com\/conditions-detaillees\/"]}]},{"@type":"ImageObject","inLanguage":"en-US","@id":"https:\/\/www.valsaintcome.com\/conditions-detaillees\/#primaryimage","url":"https:\/\/www.valsaintcome.com\/wp-content\/uploads\/2024\/11\/Group-231-1.png","contentUrl":"https:\/\/www.valsaintcome.com\/wp-content\/uploads\/2024\/11\/Group-231-1.png"},{"@type":"BreadcrumbList","@id":"https:\/\/www.valsaintcome.com\/conditions-detaillees\/#breadcrumb","itemListElement":[{"@type":"ListItem","position":1,"name":"Accueil","item":"https:\/\/www.valsaintcome.com\/en\/"},{"@type":"ListItem","position":2,"name":"Detailed Conditions"}]},{"@type":"WebSite","@id":"https:\/\/www.valsaintcome.com\/#website","url":"https:\/\/www.valsaintcome.com\/","name":"Val Saint-C\u00f4me","description":"La vie en Montagne","potentialAction":[{"@type":"SearchAction","target":{"@type":"EntryPoint","urlTemplate":"https:\/\/www.valsaintcome.com\/?s={search_term_string}"},"query-input":{"@type":"PropertyValueSpecification","valueRequired":true,"valueName":"search_term_string"}}],"inLanguage":"en-US"}]}},"_links":{"self":[{"href":"https:\/\/www.valsaintcome.com\/en\/wp-json\/wp\/v2\/pages\/3181","targetHints":{"allow":["GET"]}}],"collection":[{"href":"https:\/\/www.valsaintcome.com\/en\/wp-json\/wp\/v2\/pages"}],"about":[{"href":"https:\/\/www.valsaintcome.com\/en\/wp-json\/wp\/v2\/types\/page"}],"author":[{"embeddable":true,"href":"https:\/\/www.valsaintcome.com\/en\/wp-json\/wp\/v2\/users\/2"}],"replies":[{"embeddable":true,"href":"https:\/\/www.valsaintcome.com\/en\/wp-json\/wp\/v2\/comments?post=3181"}],"version-history":[{"count":0,"href":"https:\/\/www.valsaintcome.com\/en\/wp-json\/wp\/v2\/pages\/3181\/revisions"}],"wp:attachment":[{"href":"https:\/\/www.valsaintcome.com\/en\/wp-json\/wp\/v2\/media?parent=3181"}],"curies":[{"name":"wp","href":"https:\/\/api.w.org\/{rel}","templated":true}]}}