{"id":3959,"date":"2025-09-19T12:09:50","date_gmt":"2025-09-19T16:09:50","guid":{"rendered":"https:\/\/valsaintcome.wpenginepowered.com\/?page_id=3959"},"modified":"2025-12-23T11:49:54","modified_gmt":"2025-12-23T16:49:54","slug":"adapted-ski","status":"publish","type":"page","link":"https:\/\/www.valsaintcome.com\/en\/oxygen-sport-school\/adapted-ski\/","title":{"rendered":"Adapted Ski"},"content":{"rendered":"\t\t<div data-elementor-type=\"wp-page\" data-elementor-id=\"3959\" class=\"elementor elementor-3959 elementor-3958\">\n\t\t\t\t<div class=\"elementor-element elementor-element-5389c1dc header_banner hiver_only e-flex e-con-boxed e-con e-parent\" data-id=\"5389c1dc\" data-element_type=\"container\" data-settings=\"{&quot;background_background&quot;:&quot;classic&quot;}\">\n\t\t\t\t\t<div class=\"e-con-inner\">\n\t\t<div class=\"elementor-element elementor-element-4937d709 e-con-full e-flex e-con e-child\" data-id=\"4937d709\" data-element_type=\"container\">\n\t\t\t\t<div class=\"elementor-element elementor-element-cec9a97 animated-slow elementor-invisible elementor-widget elementor-widget-heading\" data-id=\"cec9a97\" data-element_type=\"widget\" data-settings=\"{&quot;_animation&quot;:&quot;fadeIn&quot;}\" data-widget_type=\"heading.default\">\n\t\t\t\t\t<h1 class=\"elementor-heading-title elementor-size-default\">Adapted Ski<\/h1>\t\t\t\t<\/div>\n\t\t\t\t<\/div>\n\t\t\t\t\t<\/div>\n\t\t\t\t<\/div>\n\t\t<div class=\"elementor-element elementor-element-ce57749 e-con-full e-flex e-con e-parent\" data-id=\"ce57749\" data-element_type=\"container\" data-settings=\"{&quot;background_background&quot;:&quot;classic&quot;}\">\n\t\t<div class=\"elementor-element elementor-element-8aa0422 e-flex e-con-boxed e-con e-child\" data-id=\"8aa0422\" data-element_type=\"container\">\n\t\t\t\t\t<div class=\"e-con-inner\">\n\t\t\t\t<div class=\"elementor-element elementor-element-99af36c elementor-widget elementor-widget-spacer\" data-id=\"99af36c\" data-element_type=\"widget\" id=\"ski-adapte\" data-widget_type=\"spacer.default\">\n\t\t\t\t\t\t\t<div class=\"elementor-spacer\">\n\t\t\t<div class=\"elementor-spacer-inner\"><\/div>\n\t\t<\/div>\n\t\t\t\t\t\t<\/div>\n\t\t\t\t<div class=\"elementor-element elementor-element-23172f6 animated-slow elementor-invisible elementor-widget elementor-widget-heading\" data-id=\"23172f6\" data-element_type=\"widget\" data-settings=\"{&quot;_animation&quot;:&quot;fadeIn&quot;}\" data-widget_type=\"heading.default\">\n\t\t\t\t\t<h2 class=\"elementor-heading-title elementor-size-default\">Adapted ski lesson \u2014 a mountain without limits!<\/h2>\t\t\t\t<\/div>\n\t\t<div class=\"elementor-element elementor-element-daa183b e-con-full e-flex e-con e-child\" data-id=\"daa183b\" data-element_type=\"container\">\n\t\t\t\t<div class=\"elementor-element elementor-element-bb5500e animated-slow elementor-widget__width-initial elementor-widget-laptop__width-initial elementor-invisible elementor-widget elementor-widget-text-editor\" data-id=\"bb5500e\" data-element_type=\"widget\" data-settings=\"{&quot;_animation&quot;:&quot;fadeIn&quot;}\" data-widget_type=\"text-editor.default\">\n\t\t\t\t\t\t\t\t\t<p><span style=\"font-weight: 400;\">The Val Saint-C\u00f4me ski resort, partnered with the F\u00e9d\u00e9ration des Skieurs Handicap\u00e9s du Qu\u00e9bec (FSHQ), is proud to offer a fantastic downhill skiing experience to people with disabilities.<\/span><\/p><p><span style=\"font-weight: 400;\">A team of instructors certified by Adaptive Sports Canada (CADS) offer personalized lessons based on objectives established together at the beginning of each session.<\/span><\/p><p><span style=\"font-weight: 400;\">For more information, contact us at <strong><a href=\"tel:450-883-0701\">450-883-0701<\/a><\/strong><\/span><\/p><p><strong>Website: <a href=\"https:\/\/www.fshq.ca\/\">https:\/\/www.fshq.ca\/<\/a><\/strong><\/p>\t\t\t\t\t\t\t\t<\/div>\n\t\t\t\t<div class=\"elementor-element elementor-element-d9a7d2e animated-slow elementor-widget__width-initial elementor-invisible elementor-widget elementor-widget-text-editor\" data-id=\"d9a7d2e\" data-element_type=\"widget\" data-settings=\"{&quot;_animation&quot;:&quot;fadeIn&quot;}\" data-widget_type=\"text-editor.default\">\n\t\t\t\t\t\t\t\t\t<p><strong>Include in each class:<\/strong><\/p><ul><li><span style=\"font-weight: 400;\">2 hour lesson with 2 certified monitors<\/span><\/li><li><span style=\"font-weight: 400;\">Lift tickets for the client AND one accompanying adult, valid for the day of the lesson.<\/span><\/li><li><span style=\"font-weight: 400;\">Specialized equipment (bi-skis, stabilizers, ski or snowboard rental, ski helmet, etc.)<\/span><\/li><\/ul><p><strong>Starting Sunday, January 5, 2025:<\/strong><\/p><ul><li><span style=\"font-weight: 400;\">Morning: Starting at 9:30 a.m.<\/span><\/li><li><span style=\"font-weight: 400;\">Afternoon: Starting at 1:30 p.m.<\/span><\/li><li><span style=\"font-weight: 400;\">Cost: $95.00<\/span><\/li><li><span style=\"font-weight: 400;\">Taxes (GST and QST) are not included in this price.<\/span><\/li><\/ul><p><strong><a href=\"mailto:ecole@oxygensport.com\">Sign up<\/a><\/strong><\/p>\t\t\t\t\t\t\t\t<\/div>\n\t\t\t\t<\/div>\n\t\t\t\t\t<\/div>\n\t\t\t\t<\/div>\n\t\t\t\t<\/div>\n\t\t<div class=\"elementor-element elementor-element-93ff195 e-con-full hiver_only e-flex e-con e-parent\" data-id=\"93ff195\" data-element_type=\"container\">\n\t\t\t\t<div class=\"elementor-element elementor-element-d863d5e elementor-widget elementor-widget-html\" data-id=\"d863d5e\" data-element_type=\"widget\" data-widget_type=\"html.default\">\n\t\t\t\t\t<iframe width=\"100%\" height=\"700\" src=\"https:\/\/forms.office.com\/r\/j5k4eFjTYN?embed=true\" frameborder=\"0\" marginwidth=\"0\" marginheight=\"0\" style=\"border: none; max-width:100%; max-height:100vh\" allowfullscreen webkitallowfullscreen mozallowfullscreen msallowfullscreen> <\/iframe>\t\t\t\t<\/div>\n\t\t\t\t<\/div>\n\t\t<div class=\"elementor-element elementor-element-7800fed e-con-full e-flex e-con e-parent\" data-id=\"7800fed\" data-element_type=\"container\">\n\t\t\t\t<div class=\"elementor-element elementor-element-1d134e1 elementor-widget elementor-widget-html\" data-id=\"1d134e1\" data-element_type=\"widget\" data-widget_type=\"html.default\">\n\t\t\t\t\t<iframe src=\"https:\/\/app.cyberimpact.com\/clients\/5844\/subscribe-forms\/21332E07-8734-49F7-86FC-9E48F8807CFB\" width=\"566\" height=\"654\" frameborder=\"0\" marginheight=\"0\" marginwidth=\"0\" scrolling=\"auto\"><\/iframe>\t\t\t\t<\/div>\n\t\t\t\t<\/div>\n\t\t\t\t<\/div>\n\t\t","protected":false},"excerpt":{"rendered":"<p>Adapted Ski Adapted ski lesson \u2014 a mountain without limits! The Val Saint-C\u00f4me ski resort, partnered with the F\u00e9d\u00e9ration des Skieurs Handicap\u00e9s du Qu\u00e9bec (FSHQ), is proud to offer a fantastic downhill skiing experience to people with disabilities. A team of instructors certified by Adaptive Sports Canada (CADS) offer personalized lessons based on objectives established [&hellip;]<\/p>\n","protected":false},"author":4,"featured_media":0,"parent":3082,"menu_order":0,"comment_status":"closed","ping_status":"closed","template":"","meta":{"footnotes":""},"class_list":["post-3959","page","type-page","status-publish","hentry","collection-ete","collection-hiver"],"yoast_head":"<!-- This site is optimized with the Yoast SEO plugin v26.6 - https:\/\/yoast.com\/wordpress\/plugins\/seo\/ -->\n<title>Adapted Ski - Val Saint-C\u00f4me<\/title>\n<meta name=\"description\" content=\"Apprenez, progressez et amusez-vous en montagne toute l\u2019ann\u00e9e avec l&#039;\u00e9cole des sports de montagne Oxygen Sport !\" \/>\n<meta name=\"robots\" content=\"index, follow, max-snippet:-1, max-image-preview:large, max-video-preview:-1\" \/>\n<link rel=\"canonical\" href=\"https:\/\/www.valsaintcome.com\/oxygen-sport\/ski-adapte\/\" \/>\n<meta property=\"og:locale\" content=\"en_US\" \/>\n<meta property=\"og:type\" content=\"article\" \/>\n<meta property=\"og:title\" content=\"Adapted Ski - Val Saint-C\u00f4me\" \/>\n<meta property=\"og:description\" content=\"Apprenez, progressez et amusez-vous en montagne toute l\u2019ann\u00e9e avec l&#039;\u00e9cole des sports de montagne Oxygen Sport !\" \/>\n<meta property=\"og:url\" content=\"https:\/\/www.valsaintcome.com\/oxygen-sport\/ski-adapte\/\" \/>\n<meta property=\"og:site_name\" content=\"Val Saint-C\u00f4me\" \/>\n<meta property=\"article:modified_time\" content=\"2025-12-23T16:49:54+00:00\" \/>\n<meta name=\"twitter:label1\" content=\"Est. reading time\" \/>\n\t<meta name=\"twitter:data1\" content=\"1 minute\" \/>\n<script type=\"application\/ld+json\" class=\"yoast-schema-graph\">{\"@context\":\"https:\/\/schema.org\",\"@graph\":[{\"@type\":\"WebPage\",\"@id\":\"https:\/\/www.valsaintcome.com\/oxygen-sport\/ski-adapte\/\",\"url\":\"https:\/\/www.valsaintcome.com\/oxygen-sport\/ski-adapte\/\",\"name\":\"Adapted Ski - Val Saint-C\u00f4me\",\"isPartOf\":{\"@id\":\"https:\/\/www.valsaintcome.com\/#website\"},\"datePublished\":\"2025-09-19T16:09:50+00:00\",\"dateModified\":\"2025-12-23T16:49:54+00:00\",\"description\":\"Apprenez, progressez et amusez-vous en montagne toute l\u2019ann\u00e9e avec l'\u00e9cole des sports de montagne Oxygen Sport !\",\"breadcrumb\":{\"@id\":\"https:\/\/www.valsaintcome.com\/oxygen-sport\/ski-adapte\/#breadcrumb\"},\"inLanguage\":\"en-US\",\"potentialAction\":[{\"@type\":\"ReadAction\",\"target\":[\"https:\/\/www.valsaintcome.com\/oxygen-sport\/ski-adapte\/\"]}]},{\"@type\":\"BreadcrumbList\",\"@id\":\"https:\/\/www.valsaintcome.com\/oxygen-sport\/ski-adapte\/#breadcrumb\",\"itemListElement\":[{\"@type\":\"ListItem\",\"position\":1,\"name\":\"Accueil\",\"item\":\"https:\/\/www.valsaintcome.com\/en\/\"},{\"@type\":\"ListItem\",\"position\":2,\"name\":\"Oxygen Sport School\",\"item\":\"https:\/\/www.valsaintcome.com\/oxygen-sport\/\"},{\"@type\":\"ListItem\",\"position\":3,\"name\":\"Adapted Ski\"}]},{\"@type\":\"WebSite\",\"@id\":\"https:\/\/www.valsaintcome.com\/#website\",\"url\":\"https:\/\/www.valsaintcome.com\/\",\"name\":\"Val Saint-C\u00f4me\",\"description\":\"La vie en Montagne\",\"potentialAction\":[{\"@type\":\"SearchAction\",\"target\":{\"@type\":\"EntryPoint\",\"urlTemplate\":\"https:\/\/www.valsaintcome.com\/?s={search_term_string}\"},\"query-input\":{\"@type\":\"PropertyValueSpecification\",\"valueRequired\":true,\"valueName\":\"search_term_string\"}}],\"inLanguage\":\"en-US\"}]}<\/script>\n<!-- \/ Yoast SEO plugin. -->","yoast_head_json":{"title":"Adapted Ski - Val Saint-C\u00f4me","description":"Apprenez, progressez et amusez-vous en montagne toute l\u2019ann\u00e9e avec l'\u00e9cole des sports de montagne Oxygen Sport !","robots":{"index":"index","follow":"follow","max-snippet":"max-snippet:-1","max-image-preview":"max-image-preview:large","max-video-preview":"max-video-preview:-1"},"canonical":"https:\/\/www.valsaintcome.com\/oxygen-sport\/ski-adapte\/","og_locale":"en_US","og_type":"article","og_title":"Adapted Ski - Val Saint-C\u00f4me","og_description":"Apprenez, progressez et amusez-vous en montagne toute l\u2019ann\u00e9e avec l'\u00e9cole des sports de montagne Oxygen Sport !","og_url":"https:\/\/www.valsaintcome.com\/oxygen-sport\/ski-adapte\/","og_site_name":"Val Saint-C\u00f4me","article_modified_time":"2025-12-23T16:49:54+00:00","twitter_misc":{"Est. reading time":"1 minute"},"schema":{"@context":"https:\/\/schema.org","@graph":[{"@type":"WebPage","@id":"https:\/\/www.valsaintcome.com\/oxygen-sport\/ski-adapte\/","url":"https:\/\/www.valsaintcome.com\/oxygen-sport\/ski-adapte\/","name":"Adapted Ski - Val Saint-C\u00f4me","isPartOf":{"@id":"https:\/\/www.valsaintcome.com\/#website"},"datePublished":"2025-09-19T16:09:50+00:00","dateModified":"2025-12-23T16:49:54+00:00","description":"Apprenez, progressez et amusez-vous en montagne toute l\u2019ann\u00e9e avec l'\u00e9cole des sports de montagne Oxygen Sport !","breadcrumb":{"@id":"https:\/\/www.valsaintcome.com\/oxygen-sport\/ski-adapte\/#breadcrumb"},"inLanguage":"en-US","potentialAction":[{"@type":"ReadAction","target":["https:\/\/www.valsaintcome.com\/oxygen-sport\/ski-adapte\/"]}]},{"@type":"BreadcrumbList","@id":"https:\/\/www.valsaintcome.com\/oxygen-sport\/ski-adapte\/#breadcrumb","itemListElement":[{"@type":"ListItem","position":1,"name":"Accueil","item":"https:\/\/www.valsaintcome.com\/en\/"},{"@type":"ListItem","position":2,"name":"Oxygen Sport School","item":"https:\/\/www.valsaintcome.com\/oxygen-sport\/"},{"@type":"ListItem","position":3,"name":"Adapted Ski"}]},{"@type":"WebSite","@id":"https:\/\/www.valsaintcome.com\/#website","url":"https:\/\/www.valsaintcome.com\/","name":"Val Saint-C\u00f4me","description":"La vie en Montagne","potentialAction":[{"@type":"SearchAction","target":{"@type":"EntryPoint","urlTemplate":"https:\/\/www.valsaintcome.com\/?s={search_term_string}"},"query-input":{"@type":"PropertyValueSpecification","valueRequired":true,"valueName":"search_term_string"}}],"inLanguage":"en-US"}]}},"_links":{"self":[{"href":"https:\/\/www.valsaintcome.com\/en\/wp-json\/wp\/v2\/pages\/3959","targetHints":{"allow":["GET"]}}],"collection":[{"href":"https:\/\/www.valsaintcome.com\/en\/wp-json\/wp\/v2\/pages"}],"about":[{"href":"https:\/\/www.valsaintcome.com\/en\/wp-json\/wp\/v2\/types\/page"}],"author":[{"embeddable":true,"href":"https:\/\/www.valsaintcome.com\/en\/wp-json\/wp\/v2\/users\/4"}],"replies":[{"embeddable":true,"href":"https:\/\/www.valsaintcome.com\/en\/wp-json\/wp\/v2\/comments?post=3959"}],"version-history":[{"count":0,"href":"https:\/\/www.valsaintcome.com\/en\/wp-json\/wp\/v2\/pages\/3959\/revisions"}],"up":[{"embeddable":true,"href":"https:\/\/www.valsaintcome.com\/en\/wp-json\/wp\/v2\/pages\/3082"}],"wp:attachment":[{"href":"https:\/\/www.valsaintcome.com\/en\/wp-json\/wp\/v2\/media?parent=3959"}],"curies":[{"name":"wp","href":"https:\/\/api.w.org\/{rel}","templated":true}]}}